{"id":261,"date":"2018-07-25T10:07:23","date_gmt":"2018-07-25T08:07:23","guid":{"rendered":"http:\/\/hoteltaxis.sk\/?page_id=261"},"modified":"2018-11-11T13:51:30","modified_gmt":"2018-11-11T12:51:30","slug":"hotel","status":"publish","type":"page","link":"http:\/\/hoteltaxis.sk\/?lang=de","title":{"rendered":"Hotel"},"content":{"rendered":"\t\t<div data-elementor-type=\"wp-post\" data-elementor-id=\"261\" class=\"elementor elementor-261\" data-elementor-settings=\"[]\">\n\t\t\t\t\t\t<div class=\"elementor-inner\">\n\t\t\t\t\t\t\t<div class=\"elementor-section-wrap\">\n\t\t\t\t\t\t\t<section class=\"elementor-section elementor-top-section elementor-element elementor-element-a301b1f elementor-section-boxed elementor-section-height-default elementor-section-height-default\" data-id=\"a301b1f\" data-element_type=\"section\">\n\t\t\t\t\t\t<div class=\"elementor-container elementor-column-gap-default\">\n\t\t\t\t\t\t\t<div class=\"elementor-row\">\n\t\t\t\t\t<div class=\"elementor-column elementor-col-100 elementor-top-column elementor-element elementor-element-4824b35\" data-id=\"4824b35\" data-element_type=\"column\">\n\t\t\t<div class=\"elementor-column-wrap elementor-element-populated\">\n\t\t\t\t\t\t\t<div class=\"elementor-widget-wrap\">\n\t\t\t\t\t\t\t\t<\/div>\n\t\t\t\t\t<\/div>\n\t\t<\/div>\n\t\t\t\t\t\t\t\t<\/div>\n\t\t\t\t\t<\/div>\n\t\t<\/section>\n\t\t\t\t<section class=\"elementor-section elementor-top-section elementor-element elementor-element-57b74c3 elementor-section-boxed elementor-section-height-default elementor-section-height-default\" data-id=\"57b74c3\" data-element_type=\"section\">\n\t\t\t\t\t\t<div class=\"elementor-container elementor-column-gap-default\">\n\t\t\t\t\t\t\t<div class=\"elementor-row\">\n\t\t\t\t\t<div class=\"elementor-column elementor-col-100 elementor-top-column elementor-element elementor-element-4e77166\" data-id=\"4e77166\" data-element_type=\"column\">\n\t\t\t<div class=\"elementor-column-wrap elementor-element-populated\">\n\t\t\t\t\t\t\t<div class=\"elementor-widget-wrap\">\n\t\t\t\t\t\t<div class=\"elementor-element elementor-element-699e22d elementor-invisible elementor-widget elementor-widget-text-editor\" data-id=\"699e22d\" data-element_type=\"widget\" data-settings=\"{&quot;_animation&quot;:&quot;fadeInDown&quot;}\" data-widget_type=\"text-editor.default\">\n\t\t\t\t<div class=\"elementor-widget-container\">\n\t\t\t\t\t\t\t\t<div class=\"elementor-text-editor elementor-clearfix\">\n\t\t\t\t<p class=\"MsoNormal\">Hotel Taxis Bratislava je komfortn\u00e9 hotelov\u00e9 ubytovanie rodinn\u00e9ho charakteru. Hotel je situovan\u00fd v\u00a0mestskej \u010dasti Nov\u00e9 mesto s\u00a0vynikaj\u00facou dostupnos\u0165ou do historick\u00e9ho centra, autom z\u00a0dia\u013eni\u010dn\u00e9ho obchvatu alebo mestskou hromadnou dopravou z\u00a0vlakovej a\u00a0autobusovej stanice.\u00a0<\/p>\n<p class=\"MsoNormal\">Hotel pon\u00faka ubytovanie v\u00a0novozrekon\u0161truovan\u00fdch \u00fatuln\u00fdch jedno, dvoj a\u00a0trojl\u00f4\u017ekov\u00fdch izb\u00e1ch s\u00a0vlastn\u00fdm soci\u00e1lnym zariaden\u00edm a\u00a0chladni\u010dkou. V\u00a0celom objekte hotela je k\u00a0dispoz\u00edcii vysokor\u00fdchlostn\u00e9 pripojenie prostredn\u00edctvom bezdr\u00f4tovej siete Wifi a\u00a0satelitn\u00e1 LCD TV. Hostia maj\u00fa mo\u017enos\u0165 bezplatn\u00e9ho parkovania na parkovisku alebo vo dvore za poplatok. Dom\u00e1ci mil\u00e1\u010dikovia s\u00fa na hoteli v\u00edtan\u00ed.<\/p>\n<p class=\"MsoNormal\">Ka\u017ed\u00e9 r\u00e1no sa v\u00a0hotelovej re\u0161taur\u00e1ci\u00ed pod\u00e1vaj\u00fa ra\u0148ajky. Hotelov\u00e1 kuchy\u0148a pon\u00faka pestr\u00fa ponuku tradi\u010dn\u00fdch aj medzin\u00e1rodn\u00fdch jed\u00e1l a\u00a0vynikaj\u00face <span style=\"font-size: 12pt; line-height: 107%;\">\u010dapovan\u00e9 pivo. <\/span>Na zast\u00e1vku elektri\u010diek a autobusov sa pe\u0161o dostanete do 5 min. V\u00a0bl\u00edzkom okol\u00ed hotela sa nach\u00e1dza kompletn\u00e1 ob\u010dianska vybavenos\u0165. Hotel Taxis je skvelou vo\u013ebou pre host\u00ed, ktor\u00ed h\u013eadaj\u00fa \u010dist\u00e9 a\u00a0\u00fatuln\u00e9 ubytovanie s\u00a0vynikaj\u00facou dostupnos\u0165ou a\u00a0pr\u00edjemnou atmosf\u00e9rou.<\/p>\n\t\t\t\t\t<\/div>\n\t\t\t\t\t\t<\/div>\n\t\t\t\t<\/div>\n\t\t\t\t\t\t<\/div>\n\t\t\t\t\t<\/div>\n\t\t<\/div>\n\t\t\t\t\t\t\t\t<\/div>\n\t\t\t\t\t<\/div>\n\t\t<\/section>\n\t\t\t\t<section class=\"elementor-section elementor-top-section elementor-element elementor-element-509f4c5 elementor-section-boxed elementor-section-height-default elementor-section-height-default\" data-id=\"509f4c5\" data-element_type=\"section\">\n\t\t\t\t\t\t<div class=\"elementor-container elementor-column-gap-default\">\n\t\t\t\t\t\t\t<div class=\"elementor-row\">\n\t\t\t\t\t<div class=\"elementor-column elementor-col-100 elementor-top-column elementor-element elementor-element-dbe84a2\" data-id=\"dbe84a2\" data-element_type=\"column\">\n\t\t\t<div class=\"elementor-column-wrap elementor-element-populated\">\n\t\t\t\t\t\t\t<div class=\"elementor-widget-wrap\">\n\t\t\t\t\t\t<div class=\"elementor-element elementor-element-c00d787 elementor-arrows-position-inside elementor-pagination-position-outside elementor-widget elementor-widget-image-carousel\" data-id=\"c00d787\" data-element_type=\"widget\" data-settings=\"{&quot;navigation&quot;:&quot;both&quot;,&quot;autoplay&quot;:&quot;yes&quot;,&quot;pause_on_hover&quot;:&quot;yes&quot;,&quot;pause_on_interaction&quot;:&quot;yes&quot;,&quot;autoplay_speed&quot;:5000,&quot;infinite&quot;:&quot;yes&quot;,&quot;speed&quot;:500}\" data-widget_type=\"image-carousel.default\">\n\t\t\t\t<div class=\"elementor-widget-container\">\n\t\t\t\t\t<div class=\"elementor-image-carousel-wrapper swiper-container\" dir=\"ltr\">\n\t\t\t<div class=\"elementor-image-carousel swiper-wrapper\">\n\t\t\t\t\t\t\t\t<div class=\"swiper-slide\"><figure class=\"swiper-slide-inner\"><img class=\"swiper-slide-image\" src=\"http:\/\/hoteltaxis.sk\/wp-content\/uploads\/2018\/08\/JOEIowVQ-300x200.jpeg\" alt=\"JOEIowVQ\" \/><\/figure><\/div><div class=\"swiper-slide\"><figure class=\"swiper-slide-inner\"><img class=\"swiper-slide-image\" src=\"http:\/\/hoteltaxis.sk\/wp-content\/uploads\/2018\/08\/OZ7dwS9w-300x200.jpeg\" alt=\"\" \/><\/figure><\/div><div class=\"swiper-slide\"><figure class=\"swiper-slide-inner\"><img class=\"swiper-slide-image\" src=\"http:\/\/hoteltaxis.sk\/wp-content\/uploads\/2018\/08\/XbsFtkaA-300x202.jpeg\" alt=\"XbsFtkaA\" \/><\/figure><\/div><div class=\"swiper-slide\"><figure class=\"swiper-slide-inner\"><img class=\"swiper-slide-image\" src=\"http:\/\/hoteltaxis.sk\/wp-content\/uploads\/2018\/08\/MtE0tFaw-300x200.jpeg\" alt=\"MtE0tFaw\" \/><\/figure><\/div><div class=\"swiper-slide\"><figure class=\"swiper-slide-inner\"><img class=\"swiper-slide-image\" src=\"http:\/\/hoteltaxis.sk\/wp-content\/uploads\/2018\/08\/ttuTr-0A-300x200.jpeg\" alt=\"ttuTr-0A\" \/><\/figure><\/div><div class=\"swiper-slide\"><figure class=\"swiper-slide-inner\"><img class=\"swiper-slide-image\" src=\"http:\/\/hoteltaxis.sk\/wp-content\/uploads\/2018\/08\/fqOSNQrg-300x200.jpeg\" alt=\"fqOSNQrg\" \/><\/figure><\/div>\t\t\t<\/div>\n\t\t\t\t\t\t\t\t\t\t\t\t<div class=\"swiper-pagination\"><\/div>\n\t\t\t\t\t\t\t\t\t\t\t\t\t<div class=\"elementor-swiper-button elementor-swiper-button-prev\">\n\t\t\t\t\t\t<i class=\"eicon-chevron-left\" aria-hidden=\"true\"><\/i>\n\t\t\t\t\t\t<span class=\"elementor-screen-only\">Zur\u00fcck<\/span>\n\t\t\t\t\t<\/div>\n\t\t\t\t\t<div class=\"elementor-swiper-button elementor-swiper-button-next\">\n\t\t\t\t\t\t<i class=\"eicon-chevron-right\" aria-hidden=\"true\"><\/i>\n\t\t\t\t\t\t<span class=\"elementor-screen-only\">Weiter<\/span>\n\t\t\t\t\t<\/div>\n\t\t\t\t\t\t\t\t\t<\/div>\n\t\t\t\t<\/div>\n\t\t\t\t<\/div>\n\t\t\t\t\t\t<\/div>\n\t\t\t\t\t<\/div>\n\t\t<\/div>\n\t\t\t\t\t\t\t\t<\/div>\n\t\t\t\t\t<\/div>\n\t\t<\/section>\n\t\t\t\t\t\t<\/div>\n\t\t\t\t\t\t<\/div>\n\t\t\t\t\t<\/div>\n\t\t","protected":false},"excerpt":{"rendered":"<p>Smart Slider with ID: 7 Hotel Taxis Bratislava je komfortn\u00e9 hotelov\u00e9 ubytovanie rodinn\u00e9ho charakteru. Hotel je situovan\u00fd v\u00a0mestskej \u010dasti Nov\u00e9 mesto s\u00a0vynikaj\u00facou dostupnos\u0165ou do historick\u00e9ho centra, autom z\u00a0dia\u013eni\u010dn\u00e9ho obchvatu alebo mestskou hromadnou dopravou z\u00a0vlakovej a\u00a0autobusovej stanice.\u00a0 Hotel pon\u00faka ubytovanie v\u00a0novozrekon\u0161truovan\u00fdch \u00fatuln\u00fdch jedno, dvoj a\u00a0trojl\u00f4\u017ekov\u00fdch izb\u00e1ch s\u00a0vlastn\u00fdm soci\u00e1lnym zariaden\u00edm a\u00a0chladni\u010dkou. V\u00a0celom objekte hotela je k\u00a0dispoz\u00edcii vysokor\u00fdchlostn\u00e9 [&hellip;]<\/p>\n","protected":false},"author":1,"featured_media":0,"parent":0,"menu_order":0,"comment_status":"closed","ping_status":"closed","template":"","meta":{"_monsterinsights_skip_tracking":false,"_monsterinsights_sitenote_active":false,"_monsterinsights_sitenote_note":"","_monsterinsights_sitenote_category":0},"_links":{"self":[{"href":"http:\/\/hoteltaxis.sk\/index.php?rest_route=%2Fwp%2Fv2%2Fpages%2F261&lang=de"}],"collection":[{"href":"http:\/\/hoteltaxis.sk\/index.php?rest_route=%2Fwp%2Fv2%2Fpages&lang=de"}],"about":[{"href":"http:\/\/hoteltaxis.sk\/index.php?rest_route=%2Fwp%2Fv2%2Ftypes%2Fpage&lang=de"}],"author":[{"embeddable":true,"href":"http:\/\/hoteltaxis.sk\/index.php?rest_route=%2Fwp%2Fv2%2Fusers%2F1&lang=de"}],"replies":[{"embeddable":true,"href":"http:\/\/hoteltaxis.sk\/index.php?rest_route=%2Fwp%2Fv2%2Fcomments&lang=de&post=261"}],"version-history":[{"count":2,"href":"http:\/\/hoteltaxis.sk\/index.php?rest_route=%2Fwp%2Fv2%2Fpages%2F261%2Frevisions&lang=de"}],"predecessor-version":[{"id":303,"href":"http:\/\/hoteltaxis.sk\/index.php?rest_route=%2Fwp%2Fv2%2Fpages%2F261%2Frevisions%2F303&lang=de"}],"wp:attachment":[{"href":"http:\/\/hoteltaxis.sk\/index.php?rest_route=%2Fwp%2Fv2%2Fmedia&lang=de&parent=261"}],"curies":[{"name":"wp","href":"https:\/\/api.w.org\/{rel}","templated":true}]}}