{"id":325,"date":"2018-11-14T21:27:21","date_gmt":"2018-11-14T20:27:21","guid":{"rendered":"http:\/\/hoteltaxis.sk\/?page_id=325"},"modified":"2020-10-16T16:17:06","modified_gmt":"2020-10-16T14:17:06","slug":"restaurant","status":"publish","type":"page","link":"https:\/\/hoteltaxis.sk\/?page_id=325&lang=en","title":{"rendered":"RESTAURANT"},"content":{"rendered":"\t\t<div data-elementor-type=\"wp-post\" data-elementor-id=\"325\" class=\"elementor elementor-325 elementor-bc-flex-widget\" data-elementor-settings=\"[]\">\n\t\t\t\t\t\t<div class=\"elementor-inner\">\n\t\t\t\t\t\t\t<div class=\"elementor-section-wrap\">\n\t\t\t\t\t\t\t<section class=\"elementor-section elementor-top-section elementor-element elementor-element-4719bcb8 elementor-section-boxed elementor-section-height-default elementor-section-height-default\" data-id=\"4719bcb8\" data-element_type=\"section\">\n\t\t\t\t\t\t<div class=\"elementor-container elementor-column-gap-default\">\n\t\t\t\t\t\t\t<div class=\"elementor-row\">\n\t\t\t\t\t<div class=\"elementor-column elementor-col-100 elementor-top-column elementor-element elementor-element-c534300\" data-id=\"c534300\" data-element_type=\"column\">\n\t\t\t<div class=\"elementor-column-wrap elementor-element-populated\">\n\t\t\t\t\t\t\t<div class=\"elementor-widget-wrap\">\n\t\t\t\t\t\t<div class=\"elementor-element elementor-element-14c2e021 elementor-widget elementor-widget-text-editor\" data-id=\"14c2e021\" data-element_type=\"widget\" data-widget_type=\"text-editor.default\">\n\t\t\t\t<div class=\"elementor-widget-container\">\n\t\t\t\t\t\t\t\t<div class=\"elementor-text-editor elementor-clearfix\">\n\t\t\t\t<p style=\"text-align: center;\">We will be pleased to greet you in our adjacent restaurant <span style=\"text-decoration: underline;\"><a href=\"https:\/\/tribunapub.sk\/\"><strong>FUTBAL PUB TRIB\u00daNA<\/strong><\/a><\/span>, where you can get the best hamburgers in <br \/>Bratislava and watch live sports events on a grandstand equipped with a projector while enjoying delicious local draft beers.<\/p><p><img loading=\"lazy\" class=\"aligncenter size-full wp-image-384\" src=\"http:\/\/hoteltaxis.sk\/wp-content\/uploads\/2020\/07\/V\u00fdst\u0159i\u017eek_tribuna_collage.png\" alt=\"\" width=\"771\" height=\"421\" srcset=\"https:\/\/hoteltaxis.sk\/wp-content\/uploads\/2020\/07\/V\u00fdst\u0159i\u017eek_tribuna_collage.png 771w, https:\/\/hoteltaxis.sk\/wp-content\/uploads\/2020\/07\/V\u00fdst\u0159i\u017eek_tribuna_collage-300x164.png 300w, https:\/\/hoteltaxis.sk\/wp-content\/uploads\/2020\/07\/V\u00fdst\u0159i\u017eek_tribuna_collage-768x419.png 768w\" sizes=\"(max-width: 771px) 100vw, 771px\" \/><\/p>\t\t\t\t\t<\/div>\n\t\t\t\t\t\t<\/div>\n\t\t\t\t<\/div>\n\t\t\t\t\t\t<\/div>\n\t\t\t\t\t<\/div>\n\t\t<\/div>\n\t\t\t\t\t\t\t\t<\/div>\n\t\t\t\t\t<\/div>\n\t\t<\/section>\n\t\t\t\t\t\t<\/div>\n\t\t\t\t\t\t<\/div>\n\t\t\t\t\t<\/div>\n\t\t","protected":false},"excerpt":{"rendered":"<p>We will be pleased to greet you in our adjacent restaurant FUTBAL PUB TRIB\u00daNA, where you can get the best hamburgers in Bratislava and watch live sports events on a grandstand equipped with a projector while enjoying delicious local draft beers.<\/p>\n","protected":false},"author":1,"featured_media":0,"parent":0,"menu_order":0,"comment_status":"closed","ping_status":"closed","template":"","meta":{"_monsterinsights_skip_tracking":false,"_monsterinsights_sitenote_active":false,"_monsterinsights_sitenote_note":"","_monsterinsights_sitenote_category":0},"_links":{"self":[{"href":"https:\/\/hoteltaxis.sk\/index.php?rest_route=%2Fwp%2Fv2%2Fpages%2F325&lang=en"}],"collection":[{"href":"https:\/\/hoteltaxis.sk\/index.php?rest_route=%2Fwp%2Fv2%2Fpages&lang=en"}],"about":[{"href":"https:\/\/hoteltaxis.sk\/index.php?rest_route=%2Fwp%2Fv2%2Ftypes%2Fpage&lang=en"}],"author":[{"embeddable":true,"href":"https:\/\/hoteltaxis.sk\/index.php?rest_route=%2Fwp%2Fv2%2Fusers%2F1&lang=en"}],"replies":[{"embeddable":true,"href":"https:\/\/hoteltaxis.sk\/index.php?rest_route=%2Fwp%2Fv2%2Fcomments&lang=en&post=325"}],"version-history":[{"count":6,"href":"https:\/\/hoteltaxis.sk\/index.php?rest_route=%2Fwp%2Fv2%2Fpages%2F325%2Frevisions&lang=en"}],"predecessor-version":[{"id":756,"href":"https:\/\/hoteltaxis.sk\/index.php?rest_route=%2Fwp%2Fv2%2Fpages%2F325%2Frevisions%2F756&lang=en"}],"wp:attachment":[{"href":"https:\/\/hoteltaxis.sk\/index.php?rest_route=%2Fwp%2Fv2%2Fmedia&lang=en&parent=325"}],"curies":[{"name":"wp","href":"https:\/\/api.w.org\/{rel}","templated":true}]}}